{"id":350,"date":"2024-05-17T07:42:07","date_gmt":"2024-05-17T07:42:07","guid":{"rendered":"https:\/\/acotexcantabria.com\/?page_id=350"},"modified":"2024-05-17T08:40:49","modified_gmt":"2024-05-17T08:40:49","slug":"3-2-1-compra-2024","status":"publish","type":"page","link":"https:\/\/acotexcantabria.com\/?page_id=350","title":{"rendered":"3, 2, 1&#8230; \u00a1Compra! 2024"},"content":{"rendered":"\n<div class=\"wp-block-cover alignfull has-parallax has-ast-global-color-4-color has-text-color has-link-color has-large-font-size wp-elements-b404978a5f46816de9b9e73d5a3a92c7\"><span aria-hidden=\"true\" class=\"wp-block-cover__background has-background-dim-20 has-background-dim\"><\/span><div class=\"wp-block-cover__image-background wp-image-162 has-parallax\" style=\"background-position:50% 50%;background-image:url(https:\/\/acotexcantabria.com\/wp-content\/uploads\/2022\/07\/principal.jpg)\"><\/div><div class=\"wp-block-cover__inner-container is-layout-flow wp-block-cover-is-layout-flow\">\n<p class=\"has-text-align-center has-large-font-size\"><strong>3, 2, 1&#8230; \u00a1COMPRA! 2024<\/strong><\/p>\n<\/div><\/div>\n\n\n\n<div style=\"height:50px\" aria-hidden=\"true\" class=\"wp-block-spacer\"><\/div>\n\n\n\n<figure class=\"wp-block-image aligncenter size-large\"><img loading=\"lazy\" decoding=\"async\" width=\"724\" height=\"1024\" src=\"https:\/\/acotexcantabria.com\/wp-content\/uploads\/2024\/05\/321Compra2024-724x1024.jpg\" alt=\"\" class=\"wp-image-352\" srcset=\"https:\/\/acotexcantabria.com\/wp-content\/uploads\/2024\/05\/321Compra2024-724x1024.jpg 724w, https:\/\/acotexcantabria.com\/wp-content\/uploads\/2024\/05\/321Compra2024-212x300.jpg 212w, https:\/\/acotexcantabria.com\/wp-content\/uploads\/2024\/05\/321Compra2024-768x1086.jpg 768w, https:\/\/acotexcantabria.com\/wp-content\/uploads\/2024\/05\/321Compra2024-1086x1536.jpg 1086w, https:\/\/acotexcantabria.com\/wp-content\/uploads\/2024\/05\/321Compra2024.jpg 1414w\" sizes=\"auto, (max-width: 724px) 100vw, 724px\" \/><\/figure>\n\n\n\n<p>Cada establecimiento dispondr\u00e1 de un&nbsp;<strong><u>m\u00ednimo de 200 papeletas<\/u><\/strong>&nbsp;para poder repartir entre los clientes que hagan compra por valor superior a 10\u20ac. Igualmente, se le entregar\u00e1n flyers para informar a los clientes de esta campa\u00f1a, as\u00ed como carteles promocionales.<\/p>\n\n\n\n<p>Cada establecimiento participante entregar\u00e1 a su cliente <strong><u>una papeleta<\/u><\/strong> <strong>por cada&nbsp;tramo superior a 10 \u20ac<\/strong><strong><u>,<\/u><\/strong> <strong>con un m\u00e1ximo de 5 papeletas por compra<\/strong>, que este cumplimentar\u00e1 con su nombre, apellidos y tel\u00e9fono de contacto. Los datos personales recogidos durante esta campa\u00f1a no entrar\u00e1n a formar parte de ninguna base de datos, procedi\u00e9ndose a su destrucci\u00f3n una vez finalizada la campa\u00f1a y respet\u00e1ndose el contenido de la LOPD.<\/p>\n\n\n\n<p>Las papeletas se rellenar\u00e1n por los clientes&nbsp;<strong><u>desde el 17&nbsp;de mayo hasta el 1 de junio.<\/u><\/strong><\/p>\n\n\n\n<p>Cada comercio guardar\u00e1 en su establecimiento esas papeletas cumplimentadas por los clientes hasta que sean retiradas por la organizaci\u00f3n.<\/p>\n\n\n\n<p>Cada una de&nbsp;<strong><u>las papeletas cumplimentadas deber\u00e1 tener el sello o los datos del establecimiento<\/u><\/strong>&nbsp;que las haya entregado.<\/p>\n\n\n\n<p>El&nbsp;<strong><u>d\u00eda 5 de junio&nbsp;<\/u><\/strong>en la sede de la asociaci\u00f3n se proceder\u00e1n a extraer <strong><u>CINCO papeletas premiadas<\/u><\/strong>, que deber\u00e1n estar debidamente cumplimentadas y con el identificativo del establecimiento participante.<\/p>\n\n\n\n<p>Los establecimientos en los que se hayan adquirido las compras deber\u00e1n estar radicados en localidades diferentes en cada uno de los premios.&nbsp;<strong><u>No habr\u00e1 m\u00e1s de un premio en cada localidad<\/u><\/strong>.<\/p>\n\n\n\n<p>Se extraer\u00e1n, igualmente,&nbsp;<strong><u>CINCO papeletas de reserva<\/u><\/strong>&nbsp;que se dar\u00e1n a conocer solo si las personas inicialmente agraciadas no fuesen localizadas en las 24 horas siguientes al sorteo. A las reservas se les aplicar\u00e1, igualmente, ese mismo plazo para ser localizados.<\/p>\n\n\n\n<p>Las personas premiadas, si no fueran localizadas en el tel\u00e9fono indicado en la papeleta en las 24 horas siguientes al sorteo,&nbsp;<strong><u>no tendr\u00e1n derecho a la obtenci\u00f3n del premio de esta campa\u00f1a<\/u><\/strong>.<\/p>\n\n\n\n<p>Una vez localizadas a las personas premiadas se les har\u00e1 llegar un&nbsp;<strong><u>listado con los comercios participantes en la promoci\u00f3n,<\/u><\/strong>&nbsp;que incluir\u00e1 su direcci\u00f3n y el tipo de comercio del que se trata.<\/p>\n\n\n\n<p>A cada una de las 5 personas premiadas se le entregar\u00e1n <strong><u>tres vales de compra, por un importe total de 600 \u20ac<\/u><\/strong>, que deber\u00e1 gastar, hasta el 15 de junio, en tres de los establecimientos que hayan participado en la campa\u00f1a, debiendo gastar <strong><u>300 \u20ac en el establecimiento en el que sell\u00f3 la papeleta ganadora<\/u><\/strong>, <strong><u>200\u20ac en otro establecimiento de la campa\u00f1a<\/u><\/strong>, y <strong><u>100 \u20ac en un tercero<\/u><\/strong>.<\/p>\n\n\n\n<p><strong><u>Los vales no podr\u00e1n ser canjeados por dinero en met\u00e1lico por las personas agraciadas<\/u><\/strong>. Ser\u00e1 el comercio que participe en la campa\u00f1a el que deber\u00e1 canjear el importe del vale por dinero en efectivo en la asociaci\u00f3n, acompa\u00f1ando siempre al vale del premio una copia del ticket de la compra realizada por el ganador y adjuntando una copia de su dni y firmando su correspondiente recib\u00ed.<\/p>\n\n\n\n<p>Al comerciante se le entregar\u00e1, como m\u00e1ximo, el importe del vale que canjee, siempre que el importe del ticket sea igual o superior al mismo. Si el valor del ticket fuera inferior se le entregar\u00e1 el importe del valor del ticket. La diferencia entre el vale entregado por el premiado y el valor del ticket (si este fuera superior) deber\u00e1 abonarlo el ganador del premio.<\/p>\n\n\n\n<p>El premiado deber\u00e1 entregar a la organizaci\u00f3n una&nbsp;<strong><u>fotocopia de su dni<\/u><\/strong>&nbsp;y permitir la toma de im\u00e1genes del evento que quedar\u00e1n a disposici\u00f3n de la organizaci\u00f3n.<\/p>\n\n\n\n<p>Cualquier&nbsp;<strong><u>vale manipulado o defectuoso<\/u><\/strong>&nbsp;no ser\u00e1 aceptado por la organizaci\u00f3n para que pueda ser canjeado.<\/p>\n\n\n\n<p>En la campa\u00f1a podr\u00e1n participar y ser premiadas&nbsp;<strong><u>exclusivamente personas mayores de 18 a\u00f1os<\/u><\/strong>.<strong><\/strong><\/p>\n\n\n\n<p><strong><u>Las personas premiadas no podr\u00e1n ser sustituidas por otra para realizar las compras<\/u><\/strong><strong>&nbsp;<\/strong>a no ser que exista un motivo de fuerza mayor debidamente acreditado y autorizado por la organizaci\u00f3n.<\/p>\n\n\n\n<p><strong><u>No podr\u00e1 ser premiada<\/u><\/strong>&nbsp;una persona que haya cumplimentado su papeleta en el establecimiento de un familiar de primer o segundo grado o de persona que all\u00ed trabaje.<\/p>\n\n\n\n<p>Se realizar\u00e1 <strong><u>publicidad de la campa\u00f1a en diferentes medios de comunicaci\u00f3n<\/u><\/strong>.<\/p>\n\n\n\n<p><strong><u>Una misma persona no podr\u00e1 obtener m\u00e1s de un premio<\/u><\/strong> en esta campa\u00f1a.<\/p>\n\n\n\n<p>Cualquier duda sobre la interpretaci\u00f3n de las bases de esta campa\u00f1a ser\u00e1 resuelta, de manera inapelable, por la propia Asociaci\u00f3n organizadora de esta campa\u00f1a.<\/p>\n\n\n\n<p>El incumplimiento de alg\u00fan punto de estas bases por el comerciante o por los agraciados dar\u00e1 lugar a la&nbsp;<strong><u>revocaci\u00f3n del premio<\/u><\/strong>&nbsp;o a no poder canjear el vale correspondiente por parte del comerciante.<\/p>\n\n\n\n<p><strong>Campa\u00f1a en la que colabora la Consejer\u00eda de Industria, Empleo, Innovaci\u00f3n y Comercio del Gobierno de Cantabria y la Federaci\u00f3n del Comercio de Cantabria-COERCAN<\/strong><\/p>\n\n\n\n<h2 class=\"wp-block-heading\">Establecimientos participantes<\/h2>\n\n\n\n<h3 class=\"wp-block-heading\">Cabez\u00f3n de la Sal<\/h3>\n\n\n\n<ul class=\"wp-block-list\">\n<li>OPEN HOMBRE &#8211; C\/ CONDE SAN DIEGO<\/li>\n\n\n\n<li>OPEN MUJER &#8211; NI\u00d1O &#8211; PASEO IGAREDA, 17<\/li>\n<\/ul>\n\n\n\n<h3 class=\"wp-block-heading\">Colindres<\/h3>\n\n\n\n<ul class=\"wp-block-list\">\n<li>A D\u00daO ATELIER &#8211; C\/ LA ESPERANZA 2<\/li>\n\n\n\n<li>ALICIA ZUBIETA \u2013 PLZ. DEL PESCADOR 1<\/li>\n\n\n\n<li>ANACAR \u2013 C\/ DOCTOR PABLO PUENTE 4<\/li>\n\n\n\n<li>ARAMAR \u2013 C\/ JUAN DE HERRERA 2<\/li>\n\n\n\n<li>AVIONES DE PAPEL \u2013 C\/ PINTOR ROSALES 4<\/li>\n\n\n\n<li>C22 \u2013 C\/ SAN CAYETANO 1<\/li>\n\n\n\n<li>DE PUNTA EN BLANCO \u2013 C\/ LA MAGDALENA 23<\/li>\n\n\n\n<li>GUACAMOLA \u2013 C\/ HELIODORO FERN\u00c1NDEZ<\/li>\n\n\n\n<li>MULTIHOGAR \u2013 C\/ SANTANDER 30<\/li>\n\n\n\n<li>OXFORD \u2013 C\/ SANTANDER 23<\/li>\n\n\n\n<li>S&amp;S \u2013 PLZ. DEL PESCADOR 1<\/li>\n\n\n\n<li>SISTERS \u2013 C\/ HELIODORO FERN\u00c1NDEZ 20<\/li>\n\n\n\n<li>SISTERS KIDS AND TEEN \u2013 ALAMEDA SAN GIN\u00c9S 1<\/li>\n<\/ul>\n\n\n\n<h3 class=\"wp-block-heading\">El Astillero<\/h3>\n\n\n\n<ul class=\"wp-block-list\">\n<li>DEPORTES KIKE \u2013 C\/ NAVARRA 6<\/li>\n\n\n\n<li>MERCER\u00cdA MONTSE \u2013 C\/ FRANCISCO D\u00cdAZ PIMIENTA 25<\/li>\n\n\n\n<li>MODAS DELIA \u2013 C\/ SAN JOS\u00c9 23<\/li>\n\n\n\n<li>ROSANA REY BOUTIQUE \u2013 AV. ESPA\u00d1A<\/li>\n\n\n\n<li>TRECA \u2013 C\/ SAN JOS\u00c9 8<\/li>\n\n\n\n<li>TU DESCANSO &#8211; AV. DE ESPA\u00d1A 11<\/li>\n<\/ul>\n\n\n\n<h3 class=\"wp-block-heading\">Los Corrales de Buelna<\/h3>\n\n\n\n<ul class=\"wp-block-list\">\n<li>AZABACHE 16 \u2013 AV. CANTABRIA 20<\/li>\n\n\n\n<li>BOGART MODA \u2013 AV. CANTABRIA 12<\/li>\n\n\n\n<li>DEPORTES IGLESIAS \u2013 C\/ HERMANOS SALAS 14<\/li>\n\n\n\n<li>DOBLEMENTE GUAPA \u2013 AV. CANTABRIA S\/N<\/li>\n\n\n\n<li>\u00c9RASE UNA VEZ MODA INFANTIL \u2013 C\/ LA PAZ<\/li>\n\n\n\n<li>LAURETTA MODA \u2013 AV. CANTABRIA S\/N<\/li>\n\n\n\n<li>LENCER\u00cdA MERCER\u00cdA VERO \u2013 C\/ ARAG\u00d3N S\/N<\/li>\n\n\n\n<li>MERCER\u00cdA LENCER\u00cdA RUB\u00cdN DE CELIS \u2013 PLZ. LA PONTANILLA 2<\/li>\n\n\n\n<li>MODA INFANTIL DUENDES \u2013 C\/ HERMANOS SALAS 1<\/li>\n\n\n\n<li>MODA INFANTIL JULI \u2013 C\/ HERMANOS SALAS 14<\/li>\n\n\n\n<li>MOKA MODA \u2013 AV. ESPA\u00d1A 1<\/li>\n\n\n\n<li>TEJIDOS COS \u2013 AV. CANTABRIA S\/N<\/li>\n\n\n\n<li>CORTINAJES Y TAPICER\u00cdAS LOS MANTEROS \u2013 C\/ MEN\u00c9NDEZ PELAYO 9<\/li>\n<\/ul>\n\n\n\n<h3 class=\"wp-block-heading\">Noja<\/h3>\n\n\n\n<ul class=\"wp-block-list\">\n<li>ESPIRAL MODA Y REGALOS \u2013 C\/ MARQU\u00c9S DE VELASCO<\/li>\n\n\n\n<li>LEYSA SPORT \u2013 B\u00ba EL MAZO 14<\/li>\n<\/ul>\n\n\n\n<h3 class=\"wp-block-heading\">Potes<\/h3>\n\n\n\n<ul class=\"wp-block-list\">\n<li>LA COQUETA \u2013 C\/ SAN ROQUE 19<\/li>\n<\/ul>\n\n\n\n<h3 class=\"wp-block-heading\">Reinosa<\/h3>\n\n\n\n<ul class=\"wp-block-list\">\n<li>ANDREA HERBOSA \u2013 AV. PUENTE CARLOS III 2<\/li>\n\n\n\n<li>ARTECOSAS \u2013 C\/ MAYOR 24<\/li>\n\n\n\n<li>BD REINOSA \u2013 AV. PUENTE CARLOS III 17<\/li>\n\n\n\n<li>BISTT \u2013 AV. PUENTE CARLOS III 50<\/li>\n\n\n\n<li>BOGART MODA \u2013 PLZ. ESPA\u00d1A 1<\/li>\n\n\n\n<li>CALA \u2013 AV. PUENTE CARLOS III 43<\/li>\n\n\n\n<li>CALZADOS PIMIANGO \u2013 C\/ MAYOR 14<\/li>\n\n\n\n<li>COOP. SAN SEBASTIAN \u2013 C\/ RONDA 5<\/li>\n\n\n\n<li>DO\u00d1A ELENA &#8211; C\/ MAYOR, 3<\/li>\n\n\n\n<li>EMMA RUIZ \u2013 AV. PUENTE CARLOS III 5<\/li>\n\n\n\n<li>KOKOLISO \u2013 AV. PUENTE CARLOS III 43<\/li>\n\n\n\n<li>LA CASA DE LAS LANAS \u2013 C\/ VIDRIERAS 1<\/li>\n\n\n\n<li>LA CASA DE LAS MEDIAS \u2013 AV. PUENTE CARLOS III, 10<\/li>\n\n\n\n<li>MERCER\u00cdA PIROPO &#8211; AV. PUENTE CARLOS III, 42<\/li>\n\n\n\n<li>MODAS ANA D\u00cdEZ \u2013 C\/ \u00c1NGEL MANZANO S\/N<\/li>\n\n\n\n<li>MODAS \u00c1NGELES FERNANDEZ \u2013 AV. PUENTE CARLOS III 52<\/li>\n\n\n\n<li>MOKKA &#8211; AV. PUENTE CARLOS III, 43<\/li>\n\n\n\n<li>QUERCUS \u2013 AV. PUENTE CARLOS III 5<\/li>\n\n\n\n<li>VAINILLA \u2013 C\/ LA NEVERA 2<\/li>\n\n\n\n<li>VERDE AGUA \u2013 C\/ PELIGROS 2<\/li>\n\n\n\n<li>ZAPATERIA CH\u00c1TARA \u2013 AV. PUENTE CARLOS III 18<\/li>\n\n\n\n<li>ZAPATER\u00cdA NAYARA \u2013 C\/ SALTO 4<\/li>\n<\/ul>\n\n\n\n<h3 class=\"wp-block-heading\">Santander<\/h3>\n\n\n\n<ul class=\"wp-block-list\">\n<li>ABRO\u00b4S \u2013 C\/ VARGAS, 57 BJ.<\/li>\n\n\n\n<li>ALAMEDA MODA Y COMPLEMENTOS \u2013 C\/ NARCISO CUEVAS 7<\/li>\n\n\n\n<li>ALMACENES MARIANA &#8211; C\/ CAMILO ALONSO VEGA 26<\/li>\n\n\n\n<li>BARCEL\u00d3 \u2013 C\/ ISABEL II 19<\/li>\n\n\n\n<li>CADENETA \u2013 C\/ FLORANES 50<\/li>\n\n\n\n<li>CAROT \u2013 C\/ DA\u00d3IZ Y VELARDE, 29<\/li>\n\n\n\n<li>CARTAGO COMPLEMENTOS \u2013 C\/ FLORANES, 27<\/li>\n\n\n\n<li>CLOE \u2013 C\/ CAMILO ALONSO VEGA 10<\/li>\n\n\n\n<li>COLCHONER\u00cdA FASE REM &#8211; C\/ ARRABAL 16<\/li>\n\n\n\n<li>CONFECCIONES ESPA\u00d1A \u2013 C\/ FLORANES, 60<\/li>\n\n\n\n<li>CORSETER\u00cdA AMADA LOIS \u2013 C\/ RUBIO, 11<\/li>\n\n\n\n<li>CORSETERIA ESTHER \u2013 C\/ JERONIMO SAINZ DE LA MAZA 5<\/li>\n\n\n\n<li>CRUSOLE \u2013 C\/ JER\u00d3NIMO SAINZ DE LA MAZA, 1<\/li>\n\n\n\n<li>DEPORTES SAPPORO \u2013 C\/ CAMILO ALONSO VEGA, 12<\/li>\n\n\n\n<li>EL AJUAR DE LA NOVIA Y DEL BEBE \u2013 C\/ CAMILO ALONSO VEGA, 1<\/li>\n\n\n\n<li>ELISA MODA \u2013 C\/ SAN FERNANDO 16<\/li>\n\n\n\n<li>EXPOCONFORT &#8211; C\/ SANTA LUC\u00cdA 45<\/li>\n\n\n\n<li>IDENTY &amp; CO \u2013 C\/ EMILIO PINO, 1<\/li>\n\n\n\n<li>IDENTY &amp; CO \u2013 C\/ JES\u00daS DE MONASTERIO, 2<\/li>\n\n\n\n<li>LA NOVEDAD \u2013 C\/ ATAULFO ARGENTA, 2<\/li>\n\n\n\n<li>LOLA M\u00c9NDEZ SANTANDER \u2013 C\/ FLORANES 47<\/li>\n\n\n\n<li>MAJOSS \u2013 C\/ LABARO, 3<\/li>\n\n\n\n<li>MAWIKITO \u2013 AVDA DE VALDECILLA, 23<\/li>\n\n\n\n<li>OLGA COSTAS PELUQUERIA Y MODA \u2013 C\/ SAN PEDRO DEL MAR N\u00ba6A<\/li>\n\n\n\n<li>PARAG\u00dcERIA NI\u00c1GARA \u2013 C\/ CERVANTES 3<\/li>\n\n\n\n<li>PAZ G\u00d3MEZ MODA FLAMENCA \u2013 C\/ SAN FERNANDO 72 INTERIOR<\/li>\n\n\n\n<li>REGATE SPORT \u2013 C\/ CALDER\u00d3N DE LA BARCA 15<\/li>\n\n\n\n<li>TEJIDOS EL SECRETO \u2013 C\/ ZANCAJO OSORIO 5<\/li>\n\n\n\n<li>VIA CONDOTTI \u2013 C\/ RUALASAL 19<\/li>\n<\/ul>\n\n\n\n<h3 class=\"wp-block-heading\">Sar\u00f3n<\/h3>\n\n\n\n<ul class=\"wp-block-list\">\n<li>MQM M\u00c1S QUE MODA &#8211; C\/ CASINO 3<\/li>\n<\/ul>\n\n\n\n<h3 class=\"wp-block-heading\">Santo\u00f1a<\/h3>\n\n\n\n<ul class=\"wp-block-list\">\n<li>AGUA SALADA STORE &#8211; C\/ SAN FELIPE 2<\/li>\n\n\n\n<li>BD SANTO\u00d1A &#8211; C\/ ALFONSO XII 10<\/li>\n\n\n\n<li>BIANCO SHOES &#8211; C\/ ABAD PATERNO 2<\/li>\n\n\n\n<li>BIANCO MENSWEAR \u2013 C\/MARQU\u00c9S DE ROBRERO 15<\/li>\n\n\n\n<li>COKOLA BOUTIQUE \u2013 C\/ CERVANTES 21<\/li>\n\n\n\n<li>LAS DOS RAMPAS \u2013 C\/ GENERAL SALINAS 2<\/li>\n\n\n\n<li>LOS P\u00cdCAROS \u2013 C\/ SERNA OCCINA 7<\/li>\n\n\n\n<li>MERCER\u00cdA JOSMAR \u2013 C\/ SERNA OCCINA 10<\/li>\n\n\n\n<li>WAT SAY SURF SHOP &#8211; PLZ. DE LA CONCORDIA 4<\/li>\n<\/ul>\n\n\n\n<h3 class=\"wp-block-heading\">Selaya<\/h3>\n\n\n\n<ul class=\"wp-block-list\">\n<li>NAMAST\u00c9 \u2013 C\/ RUIZ DE ALDA 5<\/li>\n\n\n\n<li>VIRGINIA MODA \u2013 B\u00ba CONSTANCIA 1<\/li>\n<\/ul>\n\n\n\n<h3 class=\"wp-block-heading\">Solares<\/h3>\n\n\n\n<ul class=\"wp-block-list\">\n<li>BOUTIQUE MARI CARMEN \u2013 AV. CALVO SOTELO 11<\/li>\n\n\n\n<li>CONFECCIONES ISABEL \u2013 URB. RIO MIERA 2<\/li>\n\n\n\n<li>GOYCA MODA Y COMPLEMENTOS \u2013 AV. DE OVIEDO 11<\/li>\n\n\n\n<li>KENZA MODA \u2013 AV. CALVO SOTELO 4<\/li>\n\n\n\n<li>LA TIENDA DE MAYKA &#8211; C\/ CALVO SOTELO 1<\/li>\n\n\n\n<li>LENCER\u00cdA CRIS\u00c1N \u2013 C\/ CALVO SOTELO 34<\/li>\n\n\n\n<li>LOOK \u2013 C\/ CALVO SOTELO 26<\/li>\n\n\n\n<li>MERCER\u00cdA LENCER\u00cdA GEVIS \u2013 C\/ CONSTITUCI\u00d3N S\/N<\/li>\n\n\n\n<li>MODA JOVEN TJ \u2013 C\/ CALVO SOTELO 12<\/li>\n\n\n\n<li>MQM \u2013 MAS QUE MODA \u2013 C\/ EMILIO MAZA CIFRI\u00c1N 2<\/li>\n\n\n\n<li>RONRONEA \u2013 B\u00ba LA FUENTE DEL FRANC\u00c9S 5<\/li>\n\n\n\n<li>TJ CALZADO Y COMPLEMENTOS \u2013 C\/ CALVO SOTELO 4<\/li>\n<\/ul>\n\n\n\n<h3 class=\"wp-block-heading\">Torrelavega<\/h3>\n\n\n\n<ul class=\"wp-block-list\">\n<li>\u00cdNDIGO \u2013 C\/ JOAQU\u00cdN HOYOS 4<\/li>\n\n\n\n<li>OPEN HOMBRE &#8211; C\/ LASAGA LARRETA, 19<\/li>\n\n\n\n<li>PALO DE FRESA &#8211; C\/ SERAF\u00cdN ESCALANTE, 4<\/li>\n\n\n\n<li>STEFANO \u2013 C\/ VALLE DE LI\u00c9BANA 6<\/li>\n\n\n\n<li>TU DESCANSO &#8211; AV. DE BILBAO 16<\/li>\n<\/ul>\n\n\n\n<div style=\"height:100px\" aria-hidden=\"true\" class=\"wp-block-spacer\"><\/div>\n","protected":false},"excerpt":{"rendered":"<p>Cada establecimiento dispondr\u00e1 de un&nbsp;m\u00ednimo de 200 papeletas&nbsp;para poder repartir entre los clientes que hagan compra por valor superior a 10\u20ac. Igualmente, se le entregar\u00e1n flyers para informar a los clientes de esta campa\u00f1a, as\u00ed como carteles promocionales. Cada establecimiento participante entregar\u00e1 a su cliente una papeleta por cada&nbsp;tramo superior a 10 \u20ac, con un [&hellip;]<\/p>\n","protected":false},"author":1,"featured_media":352,"parent":0,"menu_order":0,"comment_status":"closed","ping_status":"closed","template":"","meta":{"site-sidebar-layout":"default","site-content-layout":"","ast-site-content-layout":"normal-width-container","site-content-style":"unboxed","site-sidebar-style":"unboxed","ast-global-header-display":"","ast-banner-title-visibility":"","ast-main-header-display":"","ast-hfb-above-header-display":"","ast-hfb-below-header-display":"","ast-hfb-mobile-header-display":"","site-post-title":"disabled","ast-breadcrumbs-content":"","ast-featured-img":"disabled","footer-sml-layout":"","ast-disable-related-posts":"","theme-transparent-header-meta":"enabled","adv-header-id-meta":"","stick-header-meta":"","header-above-stick-meta":"","header-main-stick-meta":"","header-below-stick-meta":"","astra-migrate-meta-layouts":"set","ast-page-background-enabled":"default","ast-page-background-meta":{"desktop":{"background-color":"","background-image":"","background-repeat":"repeat","background-position":"center center","background-size":"auto","background-attachment":"scroll","background-type":"","background-media":"","overlay-type":"","overlay-color":"","overlay-opacity":"","overlay-gradient":""},"tablet":{"background-color":"","background-image":"","background-repeat":"repeat","background-position":"center center","background-size":"auto","background-attachment":"scroll","background-type":"","background-media":"","overlay-type":"","overlay-color":"","overlay-opacity":"","overlay-gradient":""},"mobile":{"background-color":"","background-image":"","background-repeat":"repeat","background-position":"center center","background-size":"auto","background-attachment":"scroll","background-type":"","background-media":"","overlay-type":"","overlay-color":"","overlay-opacity":"","overlay-gradient":""}},"ast-content-background-meta":{"desktop":{"background-color":"var(--ast-global-color-5)","background-image":"","background-repeat":"repeat","background-position":"center center","background-size":"auto","background-attachment":"scroll","background-type":"","background-media":"","overlay-type":"","overlay-color":"","overlay-opacity":"","overlay-gradient":""},"tablet":{"background-color":"var(--ast-global-color-5)","background-image":"","background-repeat":"repeat","background-position":"center center","background-size":"auto","background-attachment":"scroll","background-type":"","background-media":"","overlay-type":"","overlay-color":"","overlay-opacity":"","overlay-gradient":""},"mobile":{"background-color":"var(--ast-global-color-5)","background-image":"","background-repeat":"repeat","background-position":"center center","background-size":"auto","background-attachment":"scroll","background-type":"","background-media":"","overlay-type":"","overlay-color":"","overlay-opacity":"","overlay-gradient":""}},"footnotes":""},"class_list":["post-350","page","type-page","status-publish","has-post-thumbnail","hentry"],"_links":{"self":[{"href":"https:\/\/acotexcantabria.com\/index.php?rest_route=\/wp\/v2\/pages\/350","targetHints":{"allow":["GET"]}}],"collection":[{"href":"https:\/\/acotexcantabria.com\/index.php?rest_route=\/wp\/v2\/pages"}],"about":[{"href":"https:\/\/acotexcantabria.com\/index.php?rest_route=\/wp\/v2\/types\/page"}],"author":[{"embeddable":true,"href":"https:\/\/acotexcantabria.com\/index.php?rest_route=\/wp\/v2\/users\/1"}],"replies":[{"embeddable":true,"href":"https:\/\/acotexcantabria.com\/index.php?rest_route=%2Fwp%2Fv2%2Fcomments&post=350"}],"version-history":[{"count":15,"href":"https:\/\/acotexcantabria.com\/index.php?rest_route=\/wp\/v2\/pages\/350\/revisions"}],"predecessor-version":[{"id":372,"href":"https:\/\/acotexcantabria.com\/index.php?rest_route=\/wp\/v2\/pages\/350\/revisions\/372"}],"wp:featuredmedia":[{"embeddable":true,"href":"https:\/\/acotexcantabria.com\/index.php?rest_route=\/wp\/v2\/media\/352"}],"wp:attachment":[{"href":"https:\/\/acotexcantabria.com\/index.php?rest_route=%2Fwp%2Fv2%2Fmedia&parent=350"}],"curies":[{"name":"wp","href":"https:\/\/api.w.org\/{rel}","templated":true}]}}