{"id":233,"date":"2022-07-22T09:20:36","date_gmt":"2022-07-22T09:20:36","guid":{"rendered":"https:\/\/acotexcantabria.com\/?page_id=233"},"modified":"2022-07-22T11:15:05","modified_gmt":"2022-07-22T11:15:05","slug":"politica-de-cookies","status":"publish","type":"page","link":"https:\/\/acotexcantabria.com\/?page_id=233","title":{"rendered":"Pol\u00edtica de cookies"},"content":{"rendered":"\n<div class=\"wp-block-cover alignfull is-light has-parallax\" style=\"background-image:url(https:\/\/acotexcantabria.com\/wp-content\/uploads\/2022\/07\/principal.jpg)\"><span aria-hidden=\"true\" class=\"wp-block-cover__background has-background-dim-20 has-background-dim\"><\/span><div class=\"wp-block-cover__inner-container is-layout-flow wp-block-cover-is-layout-flow\">\n<p class=\"has-text-align-center has-ast-global-color-5-color has-text-color has-large-font-size\">POL\u00cdTICA DE COOKIES<\/p>\n<\/div><\/div>\n\n\n\n<div class=\"cli_pg_page_contaner\">\n<h3>Acerca de esta pol\u00edtica de cookies<\/h3>\n<div>Esta Pol\u00edtica de Cookies explica que son las cookies y como las utilizamos, los tipos de cookies que utilizamos, la informaci\u00f3n que recogemos a trav\u00e9s de ellas y c\u00f3mo utilizamos esa informaci\u00f3n, y como personalizar tus preferencias de cookies. Para m\u00e1s informaci\u00f3n acerca de c\u00f3mo utilizamos, almacenamos, y mantenemos seguros tus datos, y c\u00f3mo contactar con nosotros, consulta nuestra pol\u00edtica de Privacidad.Puedes cambiar o retirar tu consentimiento para el uso de cookies en cualquier momento desde el aviso de cookies de nuestra web.<br>Tu consentimiento se aplica al siguiente dominio: acotexcantabria.com<br><div class=\"cli_user_consent_state\">Tu estado actual: No se ha dado el consentimiento. <a class=\"cli_manage_current_consent\" style=\"cursor:pointer;text-decoration:underline;\">Gestiona tu consentimiento.<\/a> <\/div>\n<p>&nbsp;<\/p>\n<\/div>\n<h3>\u00bfQu\u00e9 son las cookies?<\/h3>\n<div>Las cookies son archivos de texto que se utilizan para almacenar peque\u00f1os fragmentos de informaci\u00f3n. Se almacenan en tu dispositivo cuando la web se carga en tu navegador. Estas cookies nos ayudan a hacer que el sitio funcione correctamente, lo hacen m\u00e1s seguro, mejoran la experiencia del usuario, y nos ayudan a comprobar c\u00f3mo funciona el sitio y c\u00f3mo mejorarlo.<\/div>\n<h3>\u00bfC\u00f3mo utilizamos las cookies?<\/h3>\n<div>Como la mayor\u00eda de servicios online, nuestra web utiliza cookies propias y de terceros para varios prop\u00f3sitos. Las propias son en su mayor\u00eda necesarias para el correcto funcionamiento de la web, y no recopilan ninguno de tus datos personales.Las cookies de terceros utilizadas en nuestra web son para facilitarnos informaci\u00f3n sobre el funcionamiento de la p\u00e1gina y c\u00f3mo interact\u00faas con ella, mantener nuestros servicios seguros, y en general para ofrecerte la mejor experiencia de usuario y hacer m\u00e1s r\u00e1pidas tus visitas futuras a la web.<\/div>\n<h3>\u00bfQu\u00e9 tipo de cookies utilizamos?<\/h3>\n<div>\n<p>Esenciales: Algunas cookies son imprescindibles para que puedas acceder a todas las funciones de nuestra web. Nos permiten mantener las sesiones de usuario y prevenir posibles amenazas de seguridad. No recopilan informaci\u00f3n personal.Anal\u00edticas: Estas cookies almacenan informaci\u00f3n como el n\u00famero de visitas y visitas \u00fanicas a la web, qu\u00e9 p\u00e1ginas de la web han recibido visitas, el origen de estas, etc. Estos datos nos ayudan a entender como est\u00e1 funcionando la web y en qu\u00e9 necesita mejorar.<\/p>\n<p>Marketing: Estas cookies se utilizan para personalizar los anuncios que se muestran para que sean relevantes para ti, y nos ayudan a realizar un seguimiento de la eficiencia de estas campa\u00f1as.<br>La informaci\u00f3n que se almacena en estas cookies puede ser utilizadas tambi\u00e9n por terceros para mostrarte anuncios en otras p\u00e1ginas.<\/p>\n<p>Funcionales: Estas son las cookies usadas para ciertas funciones no esenciales de la web. Incluyen el incrustar contenido como videos o para compartir el contenido de la web en redes sociales.<\/p>\n<p>Preferencias: Almacenan tus preferencias de navegaci\u00f3n para para ofrecerte una experiencia mejor y mas eficiente en futuras visitas a la web.<\/p>\n<p><\/p><\/div><\/div>\n\n\n<p>The below list details the cookies used in our website.<\/p><table class=\"cookielawinfo-row-cat-table cookielawinfo-classic\"><thead><tr><th class=\"cookielawinfo-column-1\">Cookie<\/th><th class=\"cookielawinfo-column-4\">Descripci\u00f3n<\/th><\/tr><\/thead><tbody><tr class=\"cookielawinfo-row\"><td class=\"cookielawinfo-column-1\">CONSENT<\/td><td class=\"cookielawinfo-column-4\">YouTube sets this cookie via embedded youtube-videos and registers anonymous statistical data.<\/td><\/tr><tr class=\"cookielawinfo-row\"><td class=\"cookielawinfo-column-1\">cookielawinfo-checkbox-advertisement<\/td><td class=\"cookielawinfo-column-4\">Set by the GDPR Cookie Consent plugin, this cookie is used to record the user consent for the cookies in the \"Advertisement\" category .<\/td><\/tr><tr class=\"cookielawinfo-row\"><td class=\"cookielawinfo-column-1\">cookielawinfo-checkbox-analytics<\/td><td class=\"cookielawinfo-column-4\">Utilizada por el plugin GDPR Cookie Consent plugin para almacenar el consentimiento del usuario para las cookies de la categor\u00eda \"Anal\u00edticas\".<\/td><\/tr><tr class=\"cookielawinfo-row\"><td class=\"cookielawinfo-column-1\">cookielawinfo-checkbox-functional<\/td><td class=\"cookielawinfo-column-4\">Utilizada por el plugin GDPR Cookie Consent plugin para almacenar el consentimiento del usuario para las cookies de la categor\u00eda \"Funcional\".<\/td><\/tr><tr class=\"cookielawinfo-row\"><td class=\"cookielawinfo-column-1\">cookielawinfo-checkbox-necessary<\/td><td class=\"cookielawinfo-column-4\">Utilizada por el plugin GDPR Cookie Consent plugin para almacenar el consentimiento del usuario para las cookies de la categor\u00eda \"Esencial\".<\/td><\/tr><tr class=\"cookielawinfo-row\"><td class=\"cookielawinfo-column-1\">cookielawinfo-checkbox-others<\/td><td class=\"cookielawinfo-column-4\">Utilizada por el plugin GDPR Cookie Consent plugin para almacenar el consentimiento del usuario para las cookies de la categor\u00eda \"Otras\".<\/td><\/tr><tr class=\"cookielawinfo-row\"><td class=\"cookielawinfo-column-1\">cookielawinfo-checkbox-performance<\/td><td class=\"cookielawinfo-column-4\">Utilizada por el plugin GDPR Cookie Consent plugin para almacenar el consentimiento del usuario para las cookies de la categor\u00eda \"Rendimiento\".<\/td><\/tr><tr class=\"cookielawinfo-row\"><td class=\"cookielawinfo-column-1\">CookieLawInfoConsent<\/td><td class=\"cookielawinfo-column-4\">Records the default button state of the corresponding category &amp; the status of CCPA. It works only in coordination with the primary cookie.<\/td><\/tr><tr class=\"cookielawinfo-row\"><td class=\"cookielawinfo-column-1\">viewed_cookie_policy<\/td><td class=\"cookielawinfo-column-4\">Utilizada por el plugin GDPR Cookie Consent para almacenar si se ha consentido o no al uso de cookies. No recoge informaci\u00f3n personal.<\/td><\/tr><tr class=\"cookielawinfo-row\"><td class=\"cookielawinfo-column-1\">VISITOR_INFO1_LIVE<\/td><td class=\"cookielawinfo-column-4\">A cookie set by YouTube to measure bandwidth that determines whether the user gets the new or old player interface.<\/td><\/tr><tr class=\"cookielawinfo-row\"><td class=\"cookielawinfo-column-1\">YSC<\/td><td class=\"cookielawinfo-column-4\">YSC cookie is set by Youtube and is used to track the views of embedded videos on Youtube pages.<\/td><\/tr><tr class=\"cookielawinfo-row\"><td class=\"cookielawinfo-column-1\">yt-remote-connected-devices<\/td><td class=\"cookielawinfo-column-4\">YouTube sets this cookie to store the video preferences of the user using embedded YouTube video.<\/td><\/tr><tr class=\"cookielawinfo-row\"><td class=\"cookielawinfo-column-1\">yt-remote-device-id<\/td><td class=\"cookielawinfo-column-4\">YouTube sets this cookie to store the video preferences of the user using embedded YouTube video.<\/td><\/tr><\/tbody><\/table>\n\n\n\n<h3 class=\"wp-block-heading\">\u00bfC\u00f3mo puedo controlar mis preferencias de cookies?<\/h3>\n\n\n\n<div>\n<p>Si decides cambiar tus preferencias m\u00e1s adelante, puedes visitar la secci\u00f3n \u00abPol\u00edtica de Cookies\u00bb de nuestra web. All\u00ed se mostrar\u00e1 el aviso de consentimiento permiti\u00e9ndote cambiar tus preferencias o retirar completamente tu consentimiento.<\/p>\n<p>Adem\u00e1s de esto, diversos navegadores ofrecen diferentes m\u00e9todos para bloquear y eliminar las cookies utilizadas por los sitios web. Puedes cambiar la configuraci\u00f3n de tu navegador para bloquear o eliminar las cookies. Para saber c\u00f3mo hacerlo, visita wikipedia.org, www.allaboutcookies.org.<\/p>\n<\/div>\n\n\n\n<div class=\"wp-block-buttons is-content-justification-center is-layout-flex wp-container-core-buttons-is-layout-a89b3969 wp-block-buttons-is-layout-flex\">\n<div class=\"wp-block-button\"><a class=\"wp-block-button__link\" href=\"https:\/\/acotexcantabria.com\">VOLVER<\/a><\/div>\n<\/div>\n\n\n\n<div style=\"height:100px\" aria-hidden=\"true\" class=\"wp-block-spacer\"><\/div>\n\n\n\n<p><\/p>\n","protected":false},"excerpt":{"rendered":"<p>Acerca de esta pol\u00edtica de cookies Esta Pol\u00edtica de Cookies explica que son las cookies y como las utilizamos, los tipos de cookies que utilizamos, la informaci\u00f3n que recogemos a trav\u00e9s de ellas y c\u00f3mo utilizamos esa informaci\u00f3n, y como personalizar tus preferencias de cookies. Para m\u00e1s informaci\u00f3n acerca de c\u00f3mo utilizamos, almacenamos, y mantenemos [&hellip;]<\/p>\n","protected":false},"author":1,"featured_media":0,"parent":0,"menu_order":0,"comment_status":"closed","ping_status":"closed","template":"","meta":{"site-sidebar-layout":"default","site-content-layout":"plain-container","ast-site-content-layout":"default","site-content-style":"default","site-sidebar-style":"default","ast-global-header-display":"","ast-banner-title-visibility":"","ast-main-header-display":"","ast-hfb-above-header-display":"","ast-hfb-below-header-display":"","ast-hfb-mobile-header-display":"","site-post-title":"disabled","ast-breadcrumbs-content":"","ast-featured-img":"","footer-sml-layout":"","ast-disable-related-posts":"","theme-transparent-header-meta":"enabled","adv-header-id-meta":"","stick-header-meta":"","header-above-stick-meta":"","header-main-stick-meta":"","header-below-stick-meta":"","astra-migrate-meta-layouts":"default","ast-page-background-enabled":"default","ast-page-background-meta":{"desktop":{"background-color":"","background-image":"","background-repeat":"repeat","background-position":"center center","background-size":"auto","background-attachment":"scroll","background-type":"","background-media":"","overlay-type":"","overlay-color":"","overlay-opacity":"","overlay-gradient":""},"tablet":{"background-color":"","background-image":"","background-repeat":"repeat","background-position":"center center","background-size":"auto","background-attachment":"scroll","background-type":"","background-media":"","overlay-type":"","overlay-color":"","overlay-opacity":"","overlay-gradient":""},"mobile":{"background-color":"","background-image":"","background-repeat":"repeat","background-position":"center center","background-size":"auto","background-attachment":"scroll","background-type":"","background-media":"","overlay-type":"","overlay-color":"","overlay-opacity":"","overlay-gradient":""}},"ast-content-background-meta":{"desktop":{"background-color":"var(--ast-global-color-5)","background-image":"","background-repeat":"repeat","background-position":"center center","background-size":"auto","background-attachment":"scroll","background-type":"","background-media":"","overlay-type":"","overlay-color":"","overlay-opacity":"","overlay-gradient":""},"tablet":{"background-color":"var(--ast-global-color-5)","background-image":"","background-repeat":"repeat","background-position":"center center","background-size":"auto","background-attachment":"scroll","background-type":"","background-media":"","overlay-type":"","overlay-color":"","overlay-opacity":"","overlay-gradient":""},"mobile":{"background-color":"var(--ast-global-color-5)","background-image":"","background-repeat":"repeat","background-position":"center center","background-size":"auto","background-attachment":"scroll","background-type":"","background-media":"","overlay-type":"","overlay-color":"","overlay-opacity":"","overlay-gradient":""}},"footnotes":""},"class_list":["post-233","page","type-page","status-publish","hentry"],"_links":{"self":[{"href":"https:\/\/acotexcantabria.com\/index.php?rest_route=\/wp\/v2\/pages\/233","targetHints":{"allow":["GET"]}}],"collection":[{"href":"https:\/\/acotexcantabria.com\/index.php?rest_route=\/wp\/v2\/pages"}],"about":[{"href":"https:\/\/acotexcantabria.com\/index.php?rest_route=\/wp\/v2\/types\/page"}],"author":[{"embeddable":true,"href":"https:\/\/acotexcantabria.com\/index.php?rest_route=\/wp\/v2\/users\/1"}],"replies":[{"embeddable":true,"href":"https:\/\/acotexcantabria.com\/index.php?rest_route=%2Fwp%2Fv2%2Fcomments&post=233"}],"version-history":[{"count":7,"href":"https:\/\/acotexcantabria.com\/index.php?rest_route=\/wp\/v2\/pages\/233\/revisions"}],"predecessor-version":[{"id":274,"href":"https:\/\/acotexcantabria.com\/index.php?rest_route=\/wp\/v2\/pages\/233\/revisions\/274"}],"wp:attachment":[{"href":"https:\/\/acotexcantabria.com\/index.php?rest_route=%2Fwp%2Fv2%2Fmedia&parent=233"}],"curies":[{"name":"wp","href":"https:\/\/api.w.org\/{rel}","templated":true}]}}