{"id":144,"date":"2020-09-15T10:27:18","date_gmt":"2020-09-15T10:27:18","guid":{"rendered":"https:\/\/acotexcantabria.com\/?page_id=144"},"modified":"2024-05-17T07:57:59","modified_gmt":"2024-05-17T07:57:59","slug":"home","status":"publish","type":"page","link":"https:\/\/acotexcantabria.com\/","title":{"rendered":"Home"},"content":{"rendered":"\n<div class=\"wp-block-cover alignfull is-light has-parallax\"><span aria-hidden=\"true\" class=\"wp-block-cover__background has-ast-global-color-3-background-color has-background-dim-10 has-background-dim\"><\/span><div class=\"wp-block-cover__image-background wp-image-162 has-parallax\" style=\"background-position:50% 50%;background-image:url(https:\/\/acotexcantabria.com\/wp-content\/uploads\/2022\/07\/principal.jpg)\"><\/div><div class=\"wp-block-cover__inner-container is-layout-flow wp-block-cover-is-layout-flow\">\n<h5 class=\"wp-block-heading has-text-align-center has-white-color has-text-color\">Asociaci\u00f3n del Comercio Textil de Cantabria<\/h5>\n\n\n\n<h1 class=\"wp-block-heading has-text-align-center has-white-color has-text-color\">ACOTEX CANTABRIA<\/h1>\n\n\n\n<div class=\"wp-block-buttons is-horizontal is-content-justification-center is-layout-flex wp-container-core-buttons-is-layout-03627597 wp-block-buttons-is-layout-flex\">\n<div class=\"wp-block-button is-style-fill\"><a class=\"wp-block-button__link wp-element-button\" href=\"#asociacion\" rel=\"#asociacion\">CON\u00d3CENOS<\/a><\/div>\n<\/div>\n<\/div><\/div>\n\n\n\n<div class=\"inherit-container-width wp-block-group alignfull has-ast-global-color-5-background-color has-background is-layout-constrained wp-block-group-is-layout-constrained\" id=\"asociacion\"><div class=\"wp-block-group__inner-container\">\n<h5 class=\"wp-block-heading has-text-align-center\">Sobre ACOTEX Cantabria<\/h5>\n\n\n\n<h2 class=\"wp-block-heading has-text-align-center\">La asociaci\u00f3n del comercio textil <br>minorista en Cantabria<\/h2>\n\n\n\n<p class=\"has-text-align-center\">Desde su creaci\u00f3n ACOTEX Cantabria se dedica a defender los intereses de los m\u00e1s de 100 establecimientos <br>del sector del comercio textil minorista en Cantabria que est\u00e1n integrados en la Asociaci\u00f3n.<br> Para ello les ofrece toda la informaci\u00f3n, asesoramiento y servicios necesarios para el \u00f3ptimo desarrollo de sus negocios, <br>adem\u00e1s de organizar frecuentes campa\u00f1as de promoci\u00f3n comercial para acercar al p\u00fablico a sus establecimientos.<\/p>\n\n\n\n<p class=\"has-text-align-center\">Se encuentra integrada en la Federaci\u00f3n del Comercio de Cantabria, patronal del comercio minorista en la regi\u00f3n, <br>que forma parte a su vez de CEOE-CEPYME y la Confederaci\u00f3n Espa\u00f1ola de Comercio (CEC)<\/p>\n<\/div><\/div>\n\n\n\n<div style=\"height:90px\" aria-hidden=\"true\" class=\"wp-block-spacer\"><\/div>\n\n\n\n<div class=\"wp-block-columns are-vertically-aligned-center is-layout-flex wp-container-core-columns-is-layout-28f84493 wp-block-columns-is-layout-flex\">\n<div class=\"wp-block-column is-vertically-aligned-center is-layout-flow wp-block-column-is-layout-flow\" style=\"flex-basis:33.33%\">\n<div style=\"height:15px\" aria-hidden=\"true\" class=\"wp-block-spacer\"><\/div>\n\n\n\n<figure class=\"wp-block-image size-large\"><img loading=\"lazy\" decoding=\"async\" width=\"724\" height=\"1024\" src=\"https:\/\/acotexcantabria.com\/wp-content\/uploads\/2024\/05\/321Compra2024-724x1024.jpg\" alt=\"\" class=\"wp-image-352\" srcset=\"https:\/\/acotexcantabria.com\/wp-content\/uploads\/2024\/05\/321Compra2024-724x1024.jpg 724w, https:\/\/acotexcantabria.com\/wp-content\/uploads\/2024\/05\/321Compra2024-212x300.jpg 212w, https:\/\/acotexcantabria.com\/wp-content\/uploads\/2024\/05\/321Compra2024-768x1086.jpg 768w, https:\/\/acotexcantabria.com\/wp-content\/uploads\/2024\/05\/321Compra2024-1086x1536.jpg 1086w, https:\/\/acotexcantabria.com\/wp-content\/uploads\/2024\/05\/321Compra2024.jpg 1414w\" sizes=\"auto, (max-width: 724px) 100vw, 724px\" \/><\/figure>\n<\/div>\n\n\n\n<div class=\"wp-block-column is-vertically-aligned-center is-layout-flow wp-block-column-is-layout-flow\" style=\"flex-basis:66.66%\">\n<h2 class=\"wp-block-heading\">3, 2, 1&#8230; \u00a1Compra! 2024<\/h2>\n\n\n\n<p>ACOTEX sortea 5 premios de 600 euros en compras entre los clientes de sus establecimientos asociados en toda la regi\u00f3n. Realiza tus compras del 17 de mayo al 1 de junio y consigue una papeleta por cada 10\u20ac consumidos, y entra en el sorteo que se celebrar\u00e1 el 9 de junio.<\/p>\n\n\n\n<p>Los ganadores dispondr\u00e1n cada uno de tres vales de compra por valor de 300, 200 y 100 euros que podr\u00e1n gastar en los establecimientos participantes. Consulta las bases y el listado de comercios que participan en esta promoci\u00f3n en el siguiente enlace: <\/p>\n\n\n\n<div class=\"wp-block-buttons is-content-justification-center is-layout-flex wp-container-core-buttons-is-layout-a89b3969 wp-block-buttons-is-layout-flex\">\n<div class=\"wp-block-button\"><a class=\"wp-block-button__link wp-element-button\" href=\"https:\/\/acotexcantabria.com\/?page_id=350\">BASES Y ESTABLECIMIENTOS PARTICIPANTES<\/a><\/div>\n<\/div>\n<\/div>\n<\/div>\n\n\n\n<div style=\"height:100px\" aria-hidden=\"true\" class=\"wp-block-spacer\"><\/div>\n\n\n\n<div class=\"wp-block-cover alignfull has-parallax\" style=\"min-height:900px;aspect-ratio:unset;\" id=\"servicios\"><span aria-hidden=\"true\" class=\"wp-block-cover__background has-vivid-cyan-blue-background-color has-background-dim\"><\/span><div class=\"wp-block-cover__image-background wp-image-170 has-parallax\" style=\"background-position:50% 50%;background-image:url(https:\/\/acotexcantabria.com\/wp-content\/uploads\/2022\/07\/fondo3.jpg)\"><\/div><div class=\"wp-block-cover__inner-container is-layout-flow wp-block-cover-is-layout-flow\">\n<div class=\"wp-block-columns alignwide are-vertically-aligned-center is-layout-flex wp-container-core-columns-is-layout-28f84493 wp-block-columns-is-layout-flex\">\n<div class=\"wp-block-column is-vertically-aligned-center is-layout-flow wp-block-column-is-layout-flow\">\n<div class=\"inherit-container-width wp-block-group is-layout-constrained wp-block-group-is-layout-constrained\"><div class=\"wp-block-group__inner-container\">\n<h3 class=\"wp-block-heading has-white-color has-text-color\">M\u00e1s de 100 establecientos del sector del comercio textil de toda la regi\u00f3n se benefician de nuestros servicios<\/h3>\n\n\n\n<hr class=\"wp-block-separator has-text-color has-ast-global-color-0-color has-css-opacity has-ast-global-color-0-background-color has-background is-style-wide\"\/>\n\n\n\n<h4 class=\"wp-block-heading has-white-color has-text-color\">Informaci\u00f3n y asesoramiento <\/h4>\n\n\n\n<p class=\"has-white-color has-text-color\">ACOTEX Cantabria ofrece a sus asociados informaci\u00f3n y asesoramiento personalizado en todas las cuestiones que pueden afectar a su negocio, con especial atenci\u00f3n a las subvenciones que el empresario puede solicitar.<\/p>\n\n\n\n<hr class=\"wp-block-separator has-text-color has-ast-global-color-0-color has-css-opacity has-ast-global-color-0-background-color has-background is-style-wide\"\/>\n\n\n\n<h4 class=\"wp-block-heading has-white-color has-text-color\">Integraci\u00f3n<\/h4>\n\n\n\n<p class=\"has-white-color has-text-color\">ACOTEX Cantabria est\u00e1 integrada en la Federaci\u00f3n del Comercio de Cantabria &#8211; COERCAN, patronal del comercio minorista en la regi\u00f3n, que a su vez forma parte de CEOE-CEPYME Cantabria y la Confederaci\u00f3n Espa\u00f1ola de Comercio &#8211; CEC.<\/p>\n\n\n\n<hr class=\"wp-block-separator has-text-color has-ast-global-color-0-color has-css-opacity has-ast-global-color-0-background-color has-background is-style-wide\"\/>\n\n\n\n<h4 class=\"wp-block-heading has-white-color has-text-color\">Formaci\u00f3n<\/h4>\n\n\n\n<p class=\"has-white-color has-text-color\">Cursos de formaci\u00f3n gratuitos para el comerciante y sus empleados sobre temas directamente relacionados con su \u00e1rea de actividad.<\/p>\n\n\n\n<hr class=\"wp-block-separator has-text-color has-ast-global-color-0-color has-css-opacity has-ast-global-color-0-background-color has-background is-style-wide\"\/>\n\n\n\n<h4 class=\"wp-block-heading has-ast-global-color-5-color has-text-color\">Convenio Colectivo<\/h4>\n\n\n\n<p class=\"has-ast-global-color-5-color has-text-color\">ACOTEX Cantabria negocia el convenio colectivo del  comercio textil en Cantabria, que afecta a todas las empresas y trabajadores del sector en la regi\u00f3n.<\/p>\n<\/div><\/div>\n<\/div>\n\n\n\n<div class=\"wp-block-column is-vertically-aligned-center is-layout-flow wp-block-column-is-layout-flow\">\n<div class=\"inherit-container-width wp-block-group is-layout-constrained wp-block-group-is-layout-constrained\"><div class=\"wp-block-group__inner-container\">\n<h2 class=\"wp-block-heading has-white-color has-text-color\">Toda la informaci\u00f3n y los servicios necesarios para el desarrollo de tu negocio<\/h2>\n\n\n\n<div class=\"wp-block-buttons is-layout-flex wp-block-buttons-is-layout-flex\">\n<div class=\"wp-block-button\"><a class=\"wp-block-button__link wp-element-button\" href=\"#contacto\" rel=\"#contacto\">CONTACTO<\/a><\/div>\n<\/div>\n<\/div><\/div>\n<\/div>\n<\/div>\n<\/div><\/div>\n\n\n\n<div class=\"inherit-container-width wp-block-group alignfull has-ast-global-color-5-background-color has-background is-layout-constrained wp-block-group-is-layout-constrained\" id=\"campanas\"><div class=\"wp-block-group__inner-container\">\n<h5 class=\"wp-block-heading has-text-align-center\">Campa\u00f1as de dinamizaci\u00f3n<\/h5>\n\n\n\n<h2 class=\"wp-block-heading has-text-align-center\">\u00a1As\u00f3ciate y participa!<\/h2>\n\n\n\n<div class=\"wp-block-columns alignwide is-layout-flex wp-container-core-columns-is-layout-28f84493 wp-block-columns-is-layout-flex\">\n<div class=\"wp-block-column is-layout-flow wp-block-column-is-layout-flow\">\n<figure class=\"wp-block-image size-large\"><img loading=\"lazy\" decoding=\"async\" width=\"724\" height=\"1024\" src=\"https:\/\/acotexcantabria.com\/wp-content\/uploads\/2024\/05\/321Compra2024-724x1024.jpg\" alt=\"\" class=\"wp-image-352\" srcset=\"https:\/\/acotexcantabria.com\/wp-content\/uploads\/2024\/05\/321Compra2024-724x1024.jpg 724w, https:\/\/acotexcantabria.com\/wp-content\/uploads\/2024\/05\/321Compra2024-212x300.jpg 212w, https:\/\/acotexcantabria.com\/wp-content\/uploads\/2024\/05\/321Compra2024-768x1086.jpg 768w, https:\/\/acotexcantabria.com\/wp-content\/uploads\/2024\/05\/321Compra2024-1086x1536.jpg 1086w, https:\/\/acotexcantabria.com\/wp-content\/uploads\/2024\/05\/321Compra2024.jpg 1414w\" sizes=\"auto, (max-width: 724px) 100vw, 724px\" \/><\/figure>\n\n\n\n<h4 class=\"wp-block-heading\">3, 2, 1&#8230; \u00a1Compra! 2024<\/h4>\n\n\n\n<p class=\"has-link-color wp-elements-a3cc0806695aa90a8f80bc735d3c8089\">Sorteamos 5 premios de 600\u20ac en compras para gastar en los comercios participantes. <a href=\"https:\/\/acotexcantabria.com\/?page_id=350\"><strong>Consulta las bases y establecimientos participantes<\/strong><\/a>.<\/p>\n<\/div>\n\n\n\n<div class=\"wp-block-column is-layout-flow wp-block-column-is-layout-flow\">\n<figure class=\"wp-block-image size-large\"><img loading=\"lazy\" decoding=\"async\" width=\"725\" height=\"1024\" src=\"https:\/\/acotexcantabria.com\/wp-content\/uploads\/2022\/07\/comercio-favorito-noborder-725x1024.jpg\" alt=\"\" class=\"wp-image-176\" srcset=\"https:\/\/acotexcantabria.com\/wp-content\/uploads\/2022\/07\/comercio-favorito-noborder-725x1024.jpg 725w, https:\/\/acotexcantabria.com\/wp-content\/uploads\/2022\/07\/comercio-favorito-noborder-212x300.jpg 212w, https:\/\/acotexcantabria.com\/wp-content\/uploads\/2022\/07\/comercio-favorito-noborder-768x1084.jpg 768w, https:\/\/acotexcantabria.com\/wp-content\/uploads\/2022\/07\/comercio-favorito-noborder-1088x1536.jpg 1088w, https:\/\/acotexcantabria.com\/wp-content\/uploads\/2022\/07\/comercio-favorito-noborder-1450x2048.jpg 1450w, https:\/\/acotexcantabria.com\/wp-content\/uploads\/2022\/07\/comercio-favorito-noborder-scaled.jpg 1813w\" sizes=\"auto, (max-width: 725px) 100vw, 725px\" \/><\/figure>\n\n\n\n<h4 class=\"wp-block-heading\">Mi Comercio Favorito<\/h4>\n\n\n\n<p>ACOTEX sorte\u00f3 5 compras por un valor total de 3.000 \u20ac, que los agraciados gastaron en varios de los m\u00e1s de 100 comercios participantes en la promoci\u00f3n .<\/p>\n<\/div>\n\n\n\n<div class=\"wp-block-column is-layout-flow wp-block-column-is-layout-flow\">\n<figure class=\"wp-block-image size-large\"><img loading=\"lazy\" decoding=\"async\" width=\"722\" height=\"1024\" src=\"https:\/\/acotexcantabria.com\/wp-content\/uploads\/2022\/07\/cartel-compra-magica-722x1024.jpg\" alt=\"\" class=\"wp-image-177\" srcset=\"https:\/\/acotexcantabria.com\/wp-content\/uploads\/2022\/07\/cartel-compra-magica-722x1024.jpg 722w, https:\/\/acotexcantabria.com\/wp-content\/uploads\/2022\/07\/cartel-compra-magica-212x300.jpg 212w, https:\/\/acotexcantabria.com\/wp-content\/uploads\/2022\/07\/cartel-compra-magica-768x1088.jpg 768w, https:\/\/acotexcantabria.com\/wp-content\/uploads\/2022\/07\/cartel-compra-magica-1084x1536.jpg 1084w, https:\/\/acotexcantabria.com\/wp-content\/uploads\/2022\/07\/cartel-compra-magica-1445x2048.jpg 1445w, https:\/\/acotexcantabria.com\/wp-content\/uploads\/2022\/07\/cartel-compra-magica-scaled.jpg 1806w\" sizes=\"auto, (max-width: 722px) 100vw, 722px\" \/><\/figure>\n\n\n\n<h4 class=\"wp-block-heading\">La Compra M\u00e1gica<\/h4>\n\n\n\n<p>En su \u00faltima campa\u00f1a la asociaci\u00f3n sorte\u00f3 5 premios de 600 \u20ac en vales de compra para gastar en los comercios asociados en compa\u00f1\u00eda de un mago.<\/p>\n<\/div>\n<\/div>\n<\/div><\/div>\n\n\n\n<figure class=\"wp-block-embed is-type-video is-provider-youtube wp-block-embed-youtube wp-embed-aspect-16-9 wp-has-aspect-ratio\"><div class=\"wp-block-embed__wrapper\">\n<iframe loading=\"lazy\" title=\"La Compra Magica\" width=\"500\" height=\"281\" src=\"https:\/\/www.youtube.com\/embed\/-YcyU9Ms9TI?feature=oembed\" frameborder=\"0\" allow=\"accelerometer; autoplay; clipboard-write; encrypted-media; gyroscope; picture-in-picture; web-share\" referrerpolicy=\"strict-origin-when-cross-origin\" allowfullscreen><\/iframe>\n<\/div><\/figure>\n\n\n\n<h2 class=\"wp-block-heading has-text-align-center\" id=\"contacto\">Contacto<\/h2>\n\n\n\n<div class=\"inherit-container-width wp-block-group alignfull has-ast-global-color-4-background-color has-background is-layout-constrained wp-block-group-is-layout-constrained\"><div class=\"wp-block-group__inner-container\">\n<div class=\"wp-block-columns is-layout-flex wp-container-core-columns-is-layout-28f84493 wp-block-columns-is-layout-flex\">\n<div class=\"wp-block-column is-layout-flow wp-block-column-is-layout-flow\" style=\"flex-basis:33.33%\">\n<figure class=\"wp-block-image size-large is-resized\"><img loading=\"lazy\" decoding=\"async\" width=\"1024\" height=\"498\" src=\"https:\/\/acotexcantabria.com\/wp-content\/uploads\/2022\/07\/nuevo-logo-ACOTEX-1024x498.png\" alt=\"\" class=\"wp-image-5\" style=\"width:455px;height:221px\" srcset=\"https:\/\/acotexcantabria.com\/wp-content\/uploads\/2022\/07\/nuevo-logo-ACOTEX-1024x498.png 1024w, https:\/\/acotexcantabria.com\/wp-content\/uploads\/2022\/07\/nuevo-logo-ACOTEX-300x146.png 300w, https:\/\/acotexcantabria.com\/wp-content\/uploads\/2022\/07\/nuevo-logo-ACOTEX-768x373.png 768w, https:\/\/acotexcantabria.com\/wp-content\/uploads\/2022\/07\/nuevo-logo-ACOTEX-1536x747.png 1536w, https:\/\/acotexcantabria.com\/wp-content\/uploads\/2022\/07\/nuevo-logo-ACOTEX-2048x996.png 2048w, https:\/\/acotexcantabria.com\/wp-content\/uploads\/2022\/07\/nuevo-logo-ACOTEX-288x140.png 288w\" sizes=\"auto, (max-width: 1024px) 100vw, 1024px\" \/><\/figure>\n<\/div>\n\n\n\n<div class=\"wp-block-column is-layout-flow wp-block-column-is-layout-flow\" style=\"flex-basis:66.66%\">\n<p class=\"has-text-align-center\"><strong>Asociaci\u00f3n del Comercio Textil de Cantabria <br>ACOTEX Cantabria<\/strong><\/p>\n\n\n\n<p class=\"has-text-align-center\">C\/ Vargas 47 esc. Dcha. 3\u00ba pta. 6 <br>39010 Santander (Cantabria) <br> Tel\u00e9fono: 942 232 464 &#8211; M\u00f3vil\/Whatsapp: 686 318 082 <br>Email: info@coercan.net<\/p>\n<\/div>\n<\/div>\n<\/div><\/div>\n","protected":false},"excerpt":{"rendered":"<p>Sobre ACOTEX Cantabria La asociaci\u00f3n del comercio textil minorista en Cantabria Desde su creaci\u00f3n ACOTEX Cantabria se dedica a defender los intereses de los m\u00e1s de 100 establecimientos del sector del comercio textil minorista en Cantabria que est\u00e1n integrados en la Asociaci\u00f3n. Para ello les ofrece toda la informaci\u00f3n, asesoramiento y servicios necesarios para el [&hellip;]<\/p>\n","protected":false},"author":1,"featured_media":0,"parent":0,"menu_order":0,"comment_status":"closed","ping_status":"closed","template":"","meta":{"site-sidebar-layout":"default","site-content-layout":"plain-container","ast-site-content-layout":"normal-width-container","site-content-style":"unboxed","site-sidebar-style":"unboxed","ast-global-header-display":"","ast-banner-title-visibility":"","ast-main-header-display":"","ast-hfb-above-header-display":"","ast-hfb-below-header-display":"","ast-hfb-mobile-header-display":"","site-post-title":"disabled","ast-breadcrumbs-content":"","ast-featured-img":"disabled","footer-sml-layout":"","ast-disable-related-posts":"","theme-transparent-header-meta":"enabled","adv-header-id-meta":"","stick-header-meta":"","header-above-stick-meta":"","header-main-stick-meta":"","header-below-stick-meta":"","astra-migrate-meta-layouts":"set","ast-page-background-enabled":"default","ast-page-background-meta":{"desktop":{"background-color":"","background-image":"","background-repeat":"repeat","background-position":"center center","background-size":"auto","background-attachment":"scroll","background-type":"","background-media":"","overlay-type":"","overlay-color":"","overlay-opacity":"","overlay-gradient":""},"tablet":{"background-color":"","background-image":"","background-repeat":"repeat","background-position":"center center","background-size":"auto","background-attachment":"scroll","background-type":"","background-media":"","overlay-type":"","overlay-color":"","overlay-opacity":"","overlay-gradient":""},"mobile":{"background-color":"","background-image":"","background-repeat":"repeat","background-position":"center center","background-size":"auto","background-attachment":"scroll","background-type":"","background-media":"","overlay-type":"","overlay-color":"","overlay-opacity":"","overlay-gradient":""}},"ast-content-background-meta":{"desktop":{"background-color":"var(--ast-global-color-5)","background-image":"","background-repeat":"repeat","background-position":"center center","background-size":"auto","background-attachment":"scroll","background-type":"","background-media":"","overlay-type":"","overlay-color":"","overlay-opacity":"","overlay-gradient":""},"tablet":{"background-color":"var(--ast-global-color-5)","background-image":"","background-repeat":"repeat","background-position":"center center","background-size":"auto","background-attachment":"scroll","background-type":"","background-media":"","overlay-type":"","overlay-color":"","overlay-opacity":"","overlay-gradient":""},"mobile":{"background-color":"var(--ast-global-color-5)","background-image":"","background-repeat":"repeat","background-position":"center center","background-size":"auto","background-attachment":"scroll","background-type":"","background-media":"","overlay-type":"","overlay-color":"","overlay-opacity":"","overlay-gradient":""}},"footnotes":""},"class_list":["post-144","page","type-page","status-publish","hentry"],"_links":{"self":[{"href":"https:\/\/acotexcantabria.com\/index.php?rest_route=\/wp\/v2\/pages\/144","targetHints":{"allow":["GET"]}}],"collection":[{"href":"https:\/\/acotexcantabria.com\/index.php?rest_route=\/wp\/v2\/pages"}],"about":[{"href":"https:\/\/acotexcantabria.com\/index.php?rest_route=\/wp\/v2\/types\/page"}],"author":[{"embeddable":true,"href":"https:\/\/acotexcantabria.com\/index.php?rest_route=\/wp\/v2\/users\/1"}],"replies":[{"embeddable":true,"href":"https:\/\/acotexcantabria.com\/index.php?rest_route=%2Fwp%2Fv2%2Fcomments&post=144"}],"version-history":[{"count":64,"href":"https:\/\/acotexcantabria.com\/index.php?rest_route=\/wp\/v2\/pages\/144\/revisions"}],"predecessor-version":[{"id":357,"href":"https:\/\/acotexcantabria.com\/index.php?rest_route=\/wp\/v2\/pages\/144\/revisions\/357"}],"wp:attachment":[{"href":"https:\/\/acotexcantabria.com\/index.php?rest_route=%2Fwp%2Fv2%2Fmedia&parent=144"}],"curies":[{"name":"wp","href":"https:\/\/api.w.org\/{rel}","templated":true}]}}